{"id":1479,"date":"2022-05-04T14:47:42","date_gmt":"2022-05-04T12:47:42","guid":{"rendered":"https:\/\/tec-knit.de\/?page_id=1479"},"modified":"2026-02-06T09:25:20","modified_gmt":"2026-02-06T08:25:20","slug":"unternehmen","status":"publish","type":"page","link":"https:\/\/tec-knit.de\/en\/unternehmen\/","title":{"rendered":"Company"},"content":{"rendered":"<div class=\"wp-block-getwid-section alignfull alignfull getwid-section-content-full-width\"><div class=\"wp-block-getwid-section__wrapper getwid-padding-mobile-top-large getwid-padding-mobile-bottom-large getwid-reset-min-height-mobile\" style=\"min-height:75vh\"><div class=\"wp-block-getwid-section__inner-wrapper\"><div class=\"wp-block-getwid-section__background-holder\"><div class=\"wp-block-getwid-section__background\"><div class=\"wp-block-getwid-section__background-slider-wrapper\"><div class=\"wp-block-getwid-section__background-slider\" data-autoplay=\"true\" data-autoplay-speed=\"5000\" data-slide-effect=\"fade\" data-slide-speed=\"1000\" data-infinite=\"true\"><div class=\"wp-block-getwid-section__background-slider-item\"><img loading=\"lazy\" decoding=\"async\" width=\"2500\" height=\"1875\" src=\"http:\/\/tec-knit.de\/wp-content\/uploads\/2022\/04\/Tec-Knit-7-1.jpg\" class=\"wp-image-1142\" alt=\"\" data-id=\"1142\" srcset=\"https:\/\/tec-knit.de\/wp-content\/uploads\/2022\/04\/Tec-Knit-7-1.jpg 2500w, https:\/\/tec-knit.de\/wp-content\/uploads\/2022\/04\/Tec-Knit-7-1-300x225.jpg 300w, https:\/\/tec-knit.de\/wp-content\/uploads\/2022\/04\/Tec-Knit-7-1-1024x768.jpg 1024w, https:\/\/tec-knit.de\/wp-content\/uploads\/2022\/04\/Tec-Knit-7-1-768x576.jpg 768w, https:\/\/tec-knit.de\/wp-content\/uploads\/2022\/04\/Tec-Knit-7-1-1536x1152.jpg 1536w, https:\/\/tec-knit.de\/wp-content\/uploads\/2022\/04\/Tec-Knit-7-1-2048x1536.jpg 2048w\" sizes=\"auto, (max-width: 2500px) 100vw, 2500px\" \/><\/div><div class=\"wp-block-getwid-section__background-slider-item\"><img loading=\"lazy\" decoding=\"async\" width=\"2500\" height=\"1875\" src=\"http:\/\/tec-knit.de\/wp-content\/uploads\/2022\/04\/Tec-Knit-71-1.jpg\" class=\"wp-image-1207\" alt=\"\" data-id=\"1207\" srcset=\"https:\/\/tec-knit.de\/wp-content\/uploads\/2022\/04\/Tec-Knit-71-1.jpg 2500w, https:\/\/tec-knit.de\/wp-content\/uploads\/2022\/04\/Tec-Knit-71-1-300x225.jpg 300w, https:\/\/tec-knit.de\/wp-content\/uploads\/2022\/04\/Tec-Knit-71-1-1024x768.jpg 1024w, https:\/\/tec-knit.de\/wp-content\/uploads\/2022\/04\/Tec-Knit-71-1-768x576.jpg 768w, https:\/\/tec-knit.de\/wp-content\/uploads\/2022\/04\/Tec-Knit-71-1-1536x1152.jpg 1536w, https:\/\/tec-knit.de\/wp-content\/uploads\/2022\/04\/Tec-Knit-71-1-2048x1536.jpg 2048w\" sizes=\"auto, (max-width: 2500px) 100vw, 2500px\" \/><\/div><\/div><\/div><\/div><div class=\"wp-block-getwid-section__foreground\" style=\"opacity:0.21;background-color:var(--theme-palette-color-4, #111518);mix-blend-mode:multiply\"><\/div><\/div><div class=\"wp-block-getwid-section__content\"><div class=\"wp-block-getwid-section__inner-content\"><\/div><\/div><\/div><\/div><\/div>\n\n\n\n<div class=\"wp-block-stackable-columns stk-block-columns stk-block stk-6f626fd\" data-block-id=\"6f626fd\"><style>.stk-6f626fd {margin-top:152px !important;margin-bottom:34px !important;}.stk-6f626fd-column{--stk-column-gap:60px !important;row-gap:50px !important;}@media screen and (max-width:689px){.stk-6f626fd {padding-top:0px !important;padding-right:0px !important;padding-bottom:0px !important;padding-left:0px !important;margin-top:45px !important;margin-bottom:20px !important;}}<\/style><div class=\"stk-row stk-inner-blocks stk-block-content stk-content-align stk-6f626fd-column\">\n<div class=\"wp-block-stackable-column stk-block-column stk-column stk-block stk-a1f0be7\" data-block-id=\"a1f0be7\"><style>.stk-a1f0be7-container{margin-top:0px !important;margin-right:0px !important;margin-bottom:0px !important;margin-left:0px !important;}.stk-a1f0be7 {align-self:center !important;}@media screen and (min-width:690px) and (max-width:999px){.stk-a1f0be7 {flex:var(--stk-flex-grow, 1) 1 calc(100% - var(--stk-column-gap, 0px) * 0 \/ 1 ) !important;}}<\/style><div class=\"stk-column-wrapper stk-block-column__content stk-container stk-a1f0be7-container stk--no-background stk--no-padding\"><div class=\"stk-block-content stk-inner-blocks stk-a1f0be7-inner-blocks\">\n<div class=\"wp-block-stackable-heading stk-block-heading stk-block-heading--v2 stk-block stk-1c33bb0\" id=\"strong-unternehmen-strong\" data-block-id=\"1c33bb0\"><style>.stk-1c33bb0 {margin-bottom:50px !important;}.stk-1c33bb0 .stk-block-heading__text{font-size:40px !important;color:var(--theme-palette-color-3, #757575) !important;line-height:0.5em !important;}@media screen and (max-width:999px){.stk-1c33bb0 {margin-bottom:25px !important;}.stk-1c33bb0 .stk-block-heading__text{font-size:30px !important;}}<\/style><h2 class=\"stk-block-heading__text has-text-color has-palette-color-3-color has-text-align-center has-text-align-center-tablet\"><strong>company<\/strong><\/h2><\/div>\n\n\n\n<div class=\"wp-block-stackable-text stk-block-text stk-block stk-70ecf21\" data-block-id=\"70ecf21\"><style>.stk-70ecf21 {column-count:2 !important;}@media screen and (max-width:689px){.stk-70ecf21 {column-count:1 !important;}}<\/style><p class=\"stk-block-text__text\">Two locations, one common denominator: TEC-KNIT CreativCenter f\u00fcr Technische Textilien GmbH consists of two business segments. TEC-KNIT at its headquarters in the Westphalian town of Rhede, and Creative Centre for Technical Textiles in Munich. While Rhede focuses on production, Munich redesigns fabric to meet complex requirements with innovative solutions.<\/p><\/div>\n<\/div><\/div><\/div>\n<\/div><\/div>\n\n\n\n<div class=\"qubely-block-2b481a\"><div class=\"qubely-block-tab qubely-tab-style-underline\"><div class=\"qubely-tab-nav qubely-alignment-left\"><span class=\"qubely-tab-item qubely-active\"><span class=\"qubely-tab-title\" role=\"button\"><span class=\"qubely-tab-title-text\">TEC-KNIT<\/span><\/span><\/span><span class=\"qubely-tab-item\"><span class=\"qubely-tab-title\" role=\"button\"><span class=\"qubely-tab-title-text\">CCTT<\/span><\/span><\/span><\/div><div class=\"qubely-tab-body\">\n<div class=\"wp-block-qubely-tab qubely-tab-content qubely-active\">\n<div class=\"wp-block-stackable-text stk-block-text stk-block stk-920a5dc\" data-block-id=\"920a5dc\"><style>.stk-920a5dc {column-count:2 !important;}@media screen and (max-width:689px){.stk-920a5dc {column-count:1 !important;}}<\/style><p class=\"stk-block-text__text\">TEC-KNIT is a traditional production company for technical fabrics. Our strength lies in the interaction of the individual sectors. Everything from a single source: With its own warping department, high quality can already be ensured in warp preparation. New developments allow flexible responses. The fabric production uses a wide range of specialized warp knitting machines to produce both closed and open fabrics (such as nets or grids), as well as hoses and spacing materials (3D). During subsequent finishing, the stentering frame allows thermo-setting up to a product width of 250 centimetres, as well as finishing with light coating, anti-flaming, anti-static and more. Textiles can be cut, punched and sewn in confection department. Of course, this also applies to special products. Another special feature is tailoring of fabric heating systems. Before a product leaves the factory, it is tested in the laboratory. Trusted textile: TEC-KNIT is ISO 9001 certified as a supplier to the automotive industry. Selected products meet the standard 100 by Oeko-Tex.<\/p><\/div>\n\n\n\n<p><a href=\"https:\/\/tec-knit.de\/en\/produkte\/\" data-type=\"page\" data-id=\"1309\">Learn more about our products.<\/a><\/p>\n<\/div>\n\n\n\n<div class=\"wp-block-qubely-tab qubely-tab-content\">\n<div class=\"wp-block-stackable-text stk-block-text stk-block stk-2549aaf\" data-block-id=\"2549aaf\"><style>.stk-2549aaf {column-count:2 !important;}@media screen and (max-width:689px){.stk-2549aaf {column-count:1 !important;}}<\/style><p class=\"stk-block-text__text\">In the Creative Centre for Technical Textiles (CCTT), products are developed ready for the market in collaboration with industrial customers. In this think tank, creative ideas are used to make innovations in the field of fibre and plastics processing. The researchers and developers also contribute their know-how to publicly funded research projects. Here are some examples:<\/p><\/div>\n\n\n\n<ul class=\"wp-block-list\">\n<li>ZIM Coco<\/li>\n\n\n\n<li>ZIM Oriented Hybrid Roving<\/li>\n\n\n\n<li>MAI Carbon<\/li>\n\n\n\n<li>DrivEcomp<\/li>\n\n\n\n<li>ZIM Tailored WarpKnit<\/li>\n<\/ul>\n<\/div>\n<\/div><\/div><\/div>\n\n\n\n<div class=\"wp-block-stackable-columns alignfull stk-block-columns stk-block stk-9e794c9 stk-block-background\" data-block-id=\"9e794c9\"><style>.stk-9e794c9 {background-color:var(--theme-palette-color-1, #145AE2) !important;padding-top:100px !important;padding-bottom:300px !important;margin-bottom:0px !important;}.stk-9e794c9:before{background-color:var(--theme-palette-color-1, #145AE2) !important;}@media screen and (max-width:999px){.stk-9e794c9 {padding-top:50px !important;}}<\/style><div class=\"stk-row stk-inner-blocks stk-block-content stk-content-align stk-9e794c9-column\">\n<div class=\"wp-block-stackable-column stk-block-column stk-column stk-block stk-2543127\" data-block-id=\"2543127\"><style>.stk-2543127-container{margin-top:0px !important;margin-right:0px !important;margin-bottom:0px !important;margin-left:0px !important;}<\/style><div class=\"stk-column-wrapper stk-block-column__content stk-container stk-2543127-container stk--no-background stk--no-padding\"><div class=\"has-text-align-center stk-block-content stk-inner-blocks stk-2543127-inner-blocks\">\n<div class=\"wp-block-stackable-heading stk-block-heading stk-block-heading--v2 stk-block stk-5867472\" id=\"unsere-geschichte\" data-block-id=\"5867472\"><style>.stk-5867472 {margin-bottom:20px !important;}.stk-5867472 .stk-block-heading__text{font-size:50px !important;color:var(--theme-palette-color-8, #ffffff) !important;}@media screen and (max-width:999px){.stk-5867472 .stk-block-heading__text{font-size:35px !important;}}<\/style><h2 class=\"stk-block-heading__text has-text-color has-palette-color-8-color has-text-align-center\">our History<\/h2><\/div>\n\n\n\n<div class=\"wp-block-stackable-spacer stk-block-spacer stk--no-padding stk-block stk-5f9596b\" data-block-id=\"5f9596b\"><style>.stk-5f9596b {height:120px !important;}@media screen and (max-width:999px){.stk-5f9596b {height:70px !important;}}<\/style><\/div>\n<\/div><\/div><\/div>\n<\/div><\/div>\n\n\n\n<div class=\"wp-block-stackable-columns stk-block-columns stk-block stk-ce8834a\" data-block-id=\"ce8834a\"><style>.stk-ce8834a {margin-top:-300px !important;margin-bottom:30px !important;}.stk-ce8834a-column{--stk-column-gap:30px !important;row-gap:30px !important;}<\/style><div class=\"stk-row stk-inner-blocks stk-block-content stk-content-align stk-ce8834a-column\">\n<div class=\"wp-block-stackable-column stk-block-column stk-column stk-block stk-549361a stk-block-background\" data-block-id=\"549361a\"><style>.stk-549361a-container{margin-top:0px !important;margin-right:0px !important;margin-bottom:0px !important;margin-left:0px !important;}.stk-549361a {background-color:var(--theme-palette-color-8, #ffffff) !important;box-shadow:0px 20px 80px 0px rgba(193, 199, 212, 0.3) !important;padding-top:0px !important;padding-right:0px !important;padding-bottom:0px !important;padding-left:0px !important;}.stk-549361a:before{background-color:var(--theme-palette-color-8, #ffffff) !important;}<\/style><div class=\"stk-column-wrapper stk-block-column__content stk-container stk-549361a-container stk--no-background stk--no-padding\"><div class=\"stk-block-content stk-inner-blocks stk-549361a-inner-blocks\">\n<div class=\"wp-block-stackable-columns stk-block-columns stk-block stk-77a8fb1\" data-block-id=\"77a8fb1\"><style>.stk-77a8fb1 {margin-bottom:50px !important;}<\/style><div class=\"stk-row stk-inner-blocks stk-block-content stk-content-align stk-77a8fb1-column\">\n<div class=\"wp-block-stackable-column stk-block-column stk-column stk-block stk-f543ebf\" data-block-id=\"f543ebf\"><style>.stk-f543ebf-container{margin-top:0px !important;margin-right:0px !important;margin-bottom:0px !important;margin-left:0px !important;}<\/style><div class=\"stk-column-wrapper stk-block-column__content stk-container stk-f543ebf-container stk--no-background stk--no-padding\"><div class=\"stk-block-content stk-inner-blocks stk-f543ebf-inner-blocks\">\n<div class=\"wp-block-stackable-image stk-block-image stk-block stk-1877d9b\" data-block-id=\"1877d9b\"><style>.stk-1877d9b .stk-img-wrapper{width:100% !important;height:776px !important;}@media screen and (max-width:689px){.stk-1877d9b .stk-img-wrapper{width:100% !important;height:364px !important;}.stk-1877d9b .stk-img-wrapper img{object-fit:cover !important;}}<\/style><figure><span class=\"stk-img-wrapper stk-image--shape-stretch\"><img loading=\"lazy\" decoding=\"async\" class=\"stk-img wp-image-1267\" src=\"http:\/\/tec-knit.de\/wp-content\/uploads\/2022\/04\/Tec-Knit.jpg\" width=\"2500\" height=\"1875\" srcset=\"https:\/\/tec-knit.de\/wp-content\/uploads\/2022\/04\/Tec-Knit.jpg 2500w, https:\/\/tec-knit.de\/wp-content\/uploads\/2022\/04\/Tec-Knit-300x225.jpg 300w, https:\/\/tec-knit.de\/wp-content\/uploads\/2022\/04\/Tec-Knit-1024x768.jpg 1024w, https:\/\/tec-knit.de\/wp-content\/uploads\/2022\/04\/Tec-Knit-768x576.jpg 768w, https:\/\/tec-knit.de\/wp-content\/uploads\/2022\/04\/Tec-Knit-1536x1152.jpg 1536w, https:\/\/tec-knit.de\/wp-content\/uploads\/2022\/04\/Tec-Knit-2048x1536.jpg 2048w\" sizes=\"auto, (max-width: 2500px) 100vw, 2500px\" \/><\/span><\/figure><\/div>\n<\/div><\/div><\/div>\n<\/div><\/div>\n\n\n\n<div class=\"wp-block-stackable-image stk-block-image stk-block stk-800cb36\" data-block-id=\"800cb36\"><style>.stk-800cb36 {border-style:solid !important;border-top-width:0px !important;border-right-width:0px !important;border-bottom-width:0px !important;border-left-width:0px !important;margin-bottom:38px !important;top:-200px !important;}.stk-800cb36 .stk-img-wrapper{width:465px !important;filter:drop-shadow(0px 2px 20px rgba(153, 153, 153, 0.2)) !important;}.stk-800cb36 .stk-img-wrapper img{border-radius:0px !important;}@media screen and (max-width:689px){.stk-800cb36 .stk-img-wrapper{width:76% !important;height:168px !important;}}<\/style><figure><span class=\"stk-img-wrapper stk-image--shape-stretch stk--shadow-0px 2px 20px rgba(153, 153, 153, 0.2)\"><img loading=\"lazy\" decoding=\"async\" class=\"stk-img wp-image-1526\" src=\"http:\/\/tec-knit.de\/wp-content\/uploads\/2022\/05\/foto_old.jpg\" width=\"520\" height=\"356\" srcset=\"https:\/\/tec-knit.de\/wp-content\/uploads\/2022\/05\/foto_old.jpg 520w, https:\/\/tec-knit.de\/wp-content\/uploads\/2022\/05\/foto_old-300x205.jpg 300w, https:\/\/tec-knit.de\/wp-content\/uploads\/2022\/05\/foto_old-500x342.jpg 500w\" sizes=\"auto, (max-width: 520px) 100vw, 520px\" \/><\/span><\/figure><\/div>\n\n\n\n<div class=\"wp-block-stackable-columns stk-block-columns stk-block stk-3607e0a\" data-block-id=\"3607e0a\"><style>.stk-3607e0a {margin-top:70px !important;top:-200px !important;}<\/style><div class=\"stk-row stk-inner-blocks stk-block-content stk-content-align stk-3607e0a-column\">\n<div class=\"wp-block-stackable-column stk-block-column stk-column stk-block stk-b067e23\" data-block-id=\"b067e23\"><style>.stk-b067e23-container{margin-top:0px !important;margin-right:0px !important;margin-bottom:0px !important;margin-left:0px !important;}.stk-b067e23 {padding-top:0px !important;padding-right:45px !important;padding-bottom:45px !important;padding-left:45px !important;margin-top:-48px !important;}@media screen and (max-width:999px){.stk-b067e23 {padding-top:35px !important;padding-right:35px !important;padding-bottom:35px !important;padding-left:35px !important;margin-top:-85px !important;}}<\/style><div class=\"stk-column-wrapper stk-block-column__content stk-container stk-b067e23-container stk--no-background stk--no-padding\"><div class=\"stk-block-content stk-inner-blocks stk-b067e23-inner-blocks\">\n<div class=\"wp-block-stackable-text stk-block-text stk-block stk-ffd5166\" data-block-id=\"ffd5166\"><style>.stk-ffd5166 {column-count:2 !important;}@media screen and (max-width:689px){.stk-ffd5166 {column-count:1 !important;}}<\/style><p class=\"stk-block-text__text has-text-align-center-mobile\">Wolfgang Hoeck founded <strong>TEC-KNIT<\/strong>in 1983. The graduate engineer comes from a Westphalian manufacturing family, which can look back on over 100 years of experience in textile production. His new approach: \"specialisation in technical warp knitted fabrics<strong>.<\/strong>\"<br><br>From the beginning, the focus has been on research and development \u2013 a commitment that pays off: TEC-KNIT is developing into one of the leading companies for innovative warp knitted fabrics. New developments and research are being implemented in cooperation with institutions and universities around the world.<br><br>In 2011, TEC-KNIT was renamed Creativ Center f\u00fcr technische Textilien GmbH. <strong>Sebastian Hoeck<\/strong>, son of the company founder, joined the company.<br><br>With its membership in the competence cluster MAICarbon, one of the 15 leading clusters of the <strong>Federal Ministry of Education and Research (BMBF)<\/strong>, the goal is to implement CFRP technology on a large industrial scale for various user industries in Germany. The main aim is to make the material carbon suitable for mass production applications and to develop the region into a European competence centre for CFRP lightweight construction, which covers the entire value added chain of CFRP technology and helps the represented partners in the key technology of CFRP to become world market leaders.<br><br>As one of our most exciting areas, TEC-KNIT at <strong>FEIN\u00adWERK<\/strong> has been producing shielding and antenna reflectors for both automotive and space applications since 2019.<br><br>After almost 40 years of TEC-KNIT, our company now counts a proud 60 employees. Together with them and our numerous international customers, we are constantly developing new solutions and producing forward-looking products. Because that is what TEC-KNIT has stood for since the beginning: <strong>textiles that work!<\/strong><\/p><\/div>\n<\/div><\/div><\/div>\n<\/div><\/div>\n<\/div><\/div><\/div>\n<\/div><\/div>","protected":false},"excerpt":{"rendered":"<p>unternehmen Zwei Standorte, ein gemeinsamer Nenner: TEC-KNIT CreativCenter f\u00fcr technische Textilien GmbH setzt sich aus zwei Unternehmenszweigen zusammen. TEC-KNIT am Stammsitz im westf\u00e4lischen Rhede und CreativCenter f\u00fcr technische Textilien in M\u00fcnchen. W\u00e4hrend in Rhede der Schwerpunkt auf der Produktion liegt, wird in M\u00fcnchen Textil neu gedacht, um komplexen Anforderungen mit innovativen L\u00f6sungen gerecht zu werden. [&hellip;]<\/p>\n","protected":false},"author":1,"featured_media":0,"parent":0,"menu_order":0,"comment_status":"closed","ping_status":"closed","template":"","meta":{"qubely_global_settings":"","qubely_interactions":"","_vp_format_video_url":"","_vp_image_focal_point":[],"footnotes":""},"class_list":["post-1479","page","type-page","status-publish","hentry"],"blocksy_meta":{"styles_descriptor":{"styles":{"desktop":"[data-prefix=\"single_page\"] {background-color:#ffffff;background-image:none;}","tablet":"","mobile":""},"google_fonts":[],"version":6},"page_title_panel":"","has_hero_section":"disabled","8cd181cae187a310af0d66dee0e51951":"","hero_section":"type-1","hero_elements":[{"id":"custom_title","enabled":true,"heading_tag":"h1","title":"Startseite"},{"id":"custom_description","enabled":true,"description_visibility":{"desktop":true,"tablet":true,"mobile":false}},{"id":"custom_meta","enabled":false,"meta_elements":[{"id":"author","enabled":true,"label":"Von","has_author_avatar":"yes","avatar_size":25},{"id":"post_date","enabled":true,"label":"Am","date_format_source":"default","date_format":"M j, Y"},{"id":"updated_date","enabled":false,"label":"Am","date_format_source":"default","date_format":"M j, Y"},{"id":"categories","enabled":false,"label":"In","style":"simple"},{"id":"comments","enabled":true}],"page_meta_elements":{"joined":true,"articles_count":true,"comments":true}},{"id":"breadcrumbs","enabled":false}],"3078d75914d15b1beb45a3393305e1ae":"","hero_alignment1":"CT_CSS_SKIP_RULE","hero_margin":40,"hero_alignment2":"center","hero_vertical_alignment":"center","f24fe2aaed65381cccbaf949a62fa118":"","hero_structure":"narrow","4d09f3f36983802ab8a5071907a2bc32":"","page_title_bg_type":"featured_image","custom_hero_background":{"attachment_id":null},"page_title_image_size":"full","parallax":{"desktop":false,"tablet":false,"mobile":false},"19a22eee22eaada56eb5eb12e0310370":"","hero_height":"250px","pageTitleFont":{"family":"Default","variation":"Default","size":"30px","line-height":"CT_CSS_SKIP_RULE","letter-spacing":"CT_CSS_SKIP_RULE","text-transform":"CT_CSS_SKIP_RULE","text-decoration":"CT_CSS_SKIP_RULE"},"pageTitleFontColor":{"default":{"color":"CT_CSS_SKIP_RULEDEFAULT"}},"pageMetaFont":{"family":"Default","variation":"n6","size":"12px","line-height":"1.3","letter-spacing":"CT_CSS_SKIP_RULE","text-transform":"uppercase","text-decoration":"CT_CSS_SKIP_RULE"},"pageMetaFontColor":{"default":{"color":"CT_CSS_SKIP_RULEDEFAULT"},"hover":{"color":"CT_CSS_SKIP_RULEDEFAULT"}},"page_meta_button_type_font_colors":{"default":{"color":"CT_CSS_SKIP_RULEDEFAULT"},"hover":{"color":"CT_CSS_SKIP_RULEDEFAULT"}},"page_meta_button_type_background_colors":{"default":{"color":"CT_CSS_SKIP_RULEDEFAULT"},"hover":{"color":"CT_CSS_SKIP_RULEDEFAULT"}},"pageExcerptFont":{"family":"Default","variation":"Default","size":"CT_CSS_SKIP_RULE","line-height":"CT_CSS_SKIP_RULE","letter-spacing":"CT_CSS_SKIP_RULE","text-transform":"CT_CSS_SKIP_RULE","text-decoration":"CT_CSS_SKIP_RULE"},"pageExcerptColor":{"default":{"color":"CT_CSS_SKIP_RULEDEFAULT"}},"breadcrumbsFont":{"family":"Default","variation":"Default","size":"CT_CSS_SKIP_RULE","line-height":"CT_CSS_SKIP_RULE","letter-spacing":"CT_CSS_SKIP_RULE","text-transform":"CT_CSS_SKIP_RULE","text-decoration":"CT_CSS_SKIP_RULE"},"breadcrumbsFontColor":{"default":{"color":"CT_CSS_SKIP_RULEDEFAULT"},"initial":{"color":"CT_CSS_SKIP_RULEDEFAULT"},"hover":{"color":"CT_CSS_SKIP_RULEDEFAULT"}},"pageTitleOverlay":{"background_type":"color","background_pattern":"type-1","background_image":{"attachment_id":null,"x":0,"y":0},"gradient":"linear-gradient(135deg,rgba(6,147,227,1) 0%,rgb(155,81,224) 100%)","background_repeat":"repeat","background_size":"auto","background_attachment":"scroll","patternColor":{"default":{"color":"#e5e7ea"}},"overlayColor":{"default":{"color":"CT_CSS_SKIP_RULE"}},"backgroundColor":{"default":{"color":"CT_CSS_SKIP_RULE"}}},"pageTitleBackground":{"background_type":"color","background_pattern":"type-1","background_image":{"attachment_id":null,"x":0,"y":0},"gradient":"linear-gradient(135deg,rgba(6,147,227,1) 0%,rgb(155,81,224) 100%)","background_repeat":"repeat","background_size":"auto","background_attachment":"scroll","patternColor":{"default":{"color":"#e5e7ea"}},"overlayColor":{"default":{"color":"CT_CSS_SKIP_RULE"}},"backgroundColor":{"default":{"color":"var(--theme-palette-color-6)"}}},"pageTitlePadding":{"top":"50px","bottom":"50px","left":"auto","right":"auto","linked":true},"d88a732f20e4011b2e37e5746e81ef6d":"","page_structure_type":"default","e68036e3bbddcea29dd2bafdd565ae16":"","content_style_source":"inherit","content_style":"wide","vertical_spacing_source":"custom","content_area_spacing":"bottom","background":{"desktop":{"background_type":"color","background_pattern":"type-1","background_image":{"attachment_id":null,"x":0,"y":0},"gradient":"linear-gradient(135deg,rgba(6,147,227,1) 0%,rgb(155,81,224) 100%)","background_repeat":"repeat","background_size":"auto","background_attachment":"scroll","patternColor":{"default":{"color":"#e5e7ea"}},"overlayColor":{"default":{"color":"CT_CSS_SKIP_RULE"}},"backgroundColor":{"default":{"color":"#ffffff"}}},"tablet":{"background_type":"color","background_pattern":"type-1","background_image":{"attachment_id":null,"x":0,"y":0},"gradient":"linear-gradient(135deg,rgba(6,147,227,1) 0%,rgb(155,81,224) 100%)","background_repeat":"repeat","background_size":"auto","background_attachment":"scroll","patternColor":{"default":{"color":"#e5e7ea"}},"overlayColor":{"default":{"color":"CT_CSS_SKIP_RULE"}},"backgroundColor":{"default":{"color":"#ffffff"}}},"mobile":{"background_type":"color","background_pattern":"type-1","background_image":{"attachment_id":null,"x":0,"y":0},"gradient":"linear-gradient(135deg,rgba(6,147,227,1) 0%,rgb(155,81,224) 100%)","background_repeat":"repeat","background_size":"auto","background_attachment":"scroll","patternColor":{"default":{"color":"#e5e7ea"}},"overlayColor":{"default":{"color":"CT_CSS_SKIP_RULE"}},"backgroundColor":{"default":{"color":"#ffffff"}}},"__changed":[]},"content_background":{"background_type":"color","background_pattern":"type-1","background_image":{"attachment_id":null,"x":0,"y":0},"gradient":"linear-gradient(135deg,rgba(6,147,227,1) 0%,rgb(155,81,224) 100%)","background_repeat":"repeat","background_size":"auto","background_attachment":"scroll","patternColor":{"default":{"color":"#e5e7ea"}},"overlayColor":{"default":{"color":"CT_CSS_SKIP_RULE"}},"backgroundColor":{"default":{"color":"var(--theme-palette-color-8)"}}},"content_boxed_shadow":{"inherit":false,"blur":18,"spread":-6,"v_offset":12,"h_offset":0,"inset":false,"enable":true,"color":{"color":"rgba(34, 56, 101, 0.04)"}},"boxed_content_spacing":{"desktop":{"top":"40px","bottom":"40px","left":"40px","right":"40px","linked":true},"tablet":{"top":"35px","bottom":"35px","left":"35px","right":"35px","linked":true},"mobile":{"top":"20px","bottom":"20px","left":"20px","right":"20px","linked":true}},"content_boxed_radius":{"top":"3px","bottom":"3px","left":"3px","right":"3px","linked":true},"e03ec3a4ef4fcdc9d73e0e250b92de11":"","disable_featured_image":"no","disable_share_box":"no","disable_header":"no","disable_footer":"no","792aa04069234ec83d7a37ae6f2887cc":"","fb9f00026752b27d39eae8217e3273e3":"","c2fa3b4775e8b0006cada801422325bd":"","f9ac981f4e07967ba363fad04f540728":"","e2cbecde3d126ec257cad3efe9d46671":"","f1769182639d127366c1d0ed9e6412cc":"","7a1a84539f23fa5361a9adfbdc8904c6":"","2281fe4b092876571027e9c12764b1d7":""},"_links":{"self":[{"href":"https:\/\/tec-knit.de\/en\/wp-json\/wp\/v2\/pages\/1479","targetHints":{"allow":["GET"]}}],"collection":[{"href":"https:\/\/tec-knit.de\/en\/wp-json\/wp\/v2\/pages"}],"about":[{"href":"https:\/\/tec-knit.de\/en\/wp-json\/wp\/v2\/types\/page"}],"author":[{"embeddable":true,"href":"https:\/\/tec-knit.de\/en\/wp-json\/wp\/v2\/users\/1"}],"replies":[{"embeddable":true,"href":"https:\/\/tec-knit.de\/en\/wp-json\/wp\/v2\/comments?post=1479"}],"version-history":[{"count":14,"href":"https:\/\/tec-knit.de\/en\/wp-json\/wp\/v2\/pages\/1479\/revisions"}],"predecessor-version":[{"id":4324,"href":"https:\/\/tec-knit.de\/en\/wp-json\/wp\/v2\/pages\/1479\/revisions\/4324"}],"wp:attachment":[{"href":"https:\/\/tec-knit.de\/en\/wp-json\/wp\/v2\/media?parent=1479"}],"curies":[{"name":"wp","href":"https:\/\/api.w.org\/{rel}","templated":true}]}}